{"id":20,"date":"2023-09-19T11:43:16","date_gmt":"2023-09-19T11:43:16","guid":{"rendered":"https:\/\/cabinetamethyste.ch\/?page_id=20"},"modified":"2024-12-02T16:10:47","modified_gmt":"2024-12-02T16:10:47","slug":"services","status":"publish","type":"page","link":"https:\/\/cabinetamethyste.ch\/index.php\/services\/","title":{"rendered":"Services"},"content":{"rendered":"\t\t<div data-elementor-type=\"wp-page\" data-elementor-id=\"20\" class=\"elementor elementor-20\">\n\t\t\t\t<div class=\"elementor-element elementor-element-96205a8 e-con-full e-flex e-con e-parent\" data-id=\"96205a8\" data-element_type=\"container\" data-settings=\"{&quot;background_background&quot;:&quot;classic&quot;}\">\n\t\t<div class=\"elementor-element elementor-element-2aafc02 e-con-full e-flex e-con e-child\" data-id=\"2aafc02\" data-element_type=\"container\" data-settings=\"{&quot;background_background&quot;:&quot;classic&quot;}\">\n\t\t\t\t<\/div>\n\t\t<div class=\"elementor-element elementor-element-b911c20 e-con-full e-flex elementor-invisible e-con e-child\" data-id=\"b911c20\" data-element_type=\"container\" data-settings=\"{&quot;animation&quot;:&quot;fadeInRight&quot;}\">\n\t\t\t\t<div class=\"elementor-element elementor-element-2cc50b9 elementor-widget elementor-widget-heading\" data-id=\"2cc50b9\" data-element_type=\"widget\" data-widget_type=\"heading.default\">\n\t\t\t\t<div class=\"elementor-widget-container\">\n\t\t\t\t\t<h1 class=\"elementor-heading-title elementor-size-default\">Tirages de cartes<\/h1>\t\t\t\t<\/div>\n\t\t\t\t<\/div>\n\t\t\t\t<div class=\"elementor-element elementor-element-2391342 elementor-widget elementor-widget-text-editor\" data-id=\"2391342\" data-element_type=\"widget\" data-widget_type=\"text-editor.default\">\n\t\t\t\t<div class=\"elementor-widget-container\">\n\t\t\t\t\t\t\t\t\t<p>Il s\u2019agit d\u2019un tirage de cartes d\u2019Oracles ou de Tarots pour amener un sujet, des questions ou une situation. Les cartes orientent sur des pistes, des solutions, permettent de comprendre sur quel chemin vous \u00eates engag\u00e9 et quelles possibilit\u00e9s s\u2019offrent \u00e0 vous. Gr\u00e2ce \u00e0 mes sensibilit\u00e9s, je re\u00e7ois \u00e9galement des messages et des informations de vos Guides Spirituels pour compl\u00e9ter le tirage.\u00a0<\/p><div>\u00a0<\/div>\t\t\t\t\t\t\t\t<\/div>\n\t\t\t\t<\/div>\n\t\t\t\t<div class=\"elementor-element elementor-element-f399e40 elementor-widget elementor-widget-text-editor\" data-id=\"f399e40\" data-element_type=\"widget\" data-widget_type=\"text-editor.default\">\n\t\t\t\t<div class=\"elementor-widget-container\">\n\t\t\t\t\t\t\t\t\t<p style=\"text-align: right;\"><strong>Dur\u00e9e:<\/strong> 1h30-2h<\/p>\t\t\t\t\t\t\t\t<\/div>\n\t\t\t\t<\/div>\n\t\t\t\t<div class=\"elementor-element elementor-element-8a6ee72 elementor-widget elementor-widget-text-editor\" data-id=\"8a6ee72\" data-element_type=\"widget\" data-widget_type=\"text-editor.default\">\n\t\t\t\t<div class=\"elementor-widget-container\">\n\t\t\t\t\t\t\t\t\t<h2 style=\"text-align: right;\">120.-\u00a0<\/h2>\t\t\t\t\t\t\t\t<\/div>\n\t\t\t\t<\/div>\n\t\t\t\t<\/div>\n\t\t\t\t<\/div>\n\t\t<div class=\"elementor-element elementor-element-be23df6 e-con-full e-flex e-con e-parent\" data-id=\"be23df6\" data-element_type=\"container\" data-settings=\"{&quot;background_background&quot;:&quot;classic&quot;}\">\n\t\t<div class=\"elementor-element elementor-element-c0ae9ff e-con-full e-flex e-con e-child\" data-id=\"c0ae9ff\" data-element_type=\"container\" data-settings=\"{&quot;background_background&quot;:&quot;classic&quot;}\">\n\t\t\t\t<\/div>\n\t\t<div class=\"elementor-element elementor-element-6b0a362 e-con-full e-flex elementor-invisible e-con e-child\" data-id=\"6b0a362\" data-element_type=\"container\" data-settings=\"{&quot;animation&quot;:&quot;fadeInLeft&quot;}\">\n\t\t\t\t<div class=\"elementor-element elementor-element-1c2ca36 elementor-widget elementor-widget-heading\" data-id=\"1c2ca36\" data-element_type=\"widget\" data-widget_type=\"heading.default\">\n\t\t\t\t<div class=\"elementor-widget-container\">\n\t\t\t\t\t<h1 class=\"elementor-heading-title elementor-size-default\">Soin Energ\u00e9tique <\/h1>\t\t\t\t<\/div>\n\t\t\t\t<\/div>\n\t\t\t\t<div class=\"elementor-element elementor-element-7f4e181 elementor-widget elementor-widget-text-editor\" data-id=\"7f4e181\" data-element_type=\"widget\" data-widget_type=\"text-editor.default\">\n\t\t\t\t<div class=\"elementor-widget-container\">\n\t\t\t\t\t\t\t\t\t<p style=\"text-align: left;\">Il s\u2019agit de soins personnels et uniques. Il n\u2019existe pas de protocoles pour ces s\u00e9ances. Les diff\u00e9rentes techniques sont appliqu\u00e9es selon les besoins. Elles vont permettre d\u2019explorer les liens karmiques, les auras ou encore les chakras. Ce soin intuitif fait appel au magn\u00e9tisme, aux \u00e9nergies quantiques, \u00e0 la modification des fr\u00e9quences, \u00e0 la lithoth\u00e9rapie, \u00e0 la chromoth\u00e9rapie, \u00e0 la sonoth\u00e9rapie, \u00e0 la communication avec des entit\u00e9s ou encore l\u2019aromath\u00e9rapie. Ce soin est id\u00e9al pour les personnes ayant besoin de lib\u00e9rer des \u00e9motions\/blocages \u00e9motionnels ou les personnes qui souhaitent s\u2019aligner avant de prendre une d\u00e9cision, d\u2019op\u00e9rer un changement. Ce type de s\u00e9ance est adapt\u00e9e aux personnes qui cherchent \u00e0 s\u2019affirmer ou \u00e0 se d\u00e9couvrir. Elles aident \u00e0 apaiser les stress ou les angoisses. Elles sont \u00e9galement recommand\u00e9es aux personnes qui ont envie de d\u00e9velopper leurs sensibilit\u00e9s, d\u2019ouvrir leurs chakras. Les soins \u00e9nerg\u00e9tiques sont un voyage \u00e0 travers soi et les diff\u00e9rentes facettes qui nous composent. <\/p><div>\u00a0<\/div>\t\t\t\t\t\t\t\t<\/div>\n\t\t\t\t<\/div>\n\t\t\t\t<div class=\"elementor-element elementor-element-7a92143 elementor-widget elementor-widget-text-editor\" data-id=\"7a92143\" data-element_type=\"widget\" data-widget_type=\"text-editor.default\">\n\t\t\t\t<div class=\"elementor-widget-container\">\n\t\t\t\t\t\t\t\t\t<p style=\"text-align: right;\"><strong>Dur\u00e9e:<\/strong>\u00a0<span style=\"background-color: var( --e-global-color-primary );\">1h<\/span><\/p>\t\t\t\t\t\t\t\t<\/div>\n\t\t\t\t<\/div>\n\t\t\t\t<div class=\"elementor-element elementor-element-4c4ed09 elementor-widget elementor-widget-text-editor\" data-id=\"4c4ed09\" data-element_type=\"widget\" data-widget_type=\"text-editor.default\">\n\t\t\t\t<div class=\"elementor-widget-container\">\n\t\t\t\t\t\t\t\t\t<h2 style=\"text-align: right;\">120.-<\/h2>\t\t\t\t\t\t\t\t<\/div>\n\t\t\t\t<\/div>\n\t\t\t\t<\/div>\n\t\t\t\t<\/div>\n\t\t<div class=\"elementor-element elementor-element-13724a4 e-con-full e-flex e-con e-parent\" data-id=\"13724a4\" data-element_type=\"container\" data-settings=\"{&quot;background_background&quot;:&quot;classic&quot;}\">\n\t\t<div class=\"elementor-element elementor-element-a854893 e-con-full e-flex e-con e-child\" data-id=\"a854893\" data-element_type=\"container\" data-settings=\"{&quot;background_background&quot;:&quot;classic&quot;}\">\n\t\t\t\t<\/div>\n\t\t<div class=\"elementor-element elementor-element-dcd64cc e-con-full e-flex elementor-invisible e-con e-child\" data-id=\"dcd64cc\" data-element_type=\"container\" data-settings=\"{&quot;animation&quot;:&quot;fadeInRight&quot;}\">\n\t\t\t\t<div class=\"elementor-element elementor-element-3035088 elementor-widget elementor-widget-heading\" data-id=\"3035088\" data-element_type=\"widget\" data-widget_type=\"heading.default\">\n\t\t\t\t<div class=\"elementor-widget-container\">\n\t\t\t\t\t<h1 class=\"elementor-heading-title elementor-size-default\">D\u00e9senvo\u00fbtement, Exorcisme &amp; Nettoyage <\/h1>\t\t\t\t<\/div>\n\t\t\t\t<\/div>\n\t\t\t\t<div class=\"elementor-element elementor-element-9edb38e elementor-widget elementor-widget-text-editor\" data-id=\"9edb38e\" data-element_type=\"widget\" data-widget_type=\"text-editor.default\">\n\t\t\t\t<div class=\"elementor-widget-container\">\n\t\t\t\t\t\t\t\t\t<p>Ces s\u00e9ances peuvent s\u2019adresser aux personnes sensibles dites \u00e9ponges qui sont particuli\u00e8rement touch\u00e9es ou influenc\u00e9es par l\u2019humeur des autres, par les foules ou les \u00e9nergies. Ces exorcismes vous permettront de vous nettoyer et de vous purifier, mais \u00e9galement de renforcer vos barri\u00e8res, d\u2019apprendre des techniques pour vous prot\u00e9ger. Ces s\u00e9ances peuvent \u00e9galement concerner des personnes qui se sentent sous l\u2019emprise d\u2019une entit\u00e9 (miasme, \u00e9gr\u00e9gore, larve, mauvais sort, fant\u00f4me ou entit\u00e9 plus puissante). Une purification et un exorcisme vous seront propos\u00e9s. Les objectifs de ses soins sont de vous lib\u00e9rer, de vous purifier et de vous apprendre des techniques de protection.<\/p><div>\u00a0<\/div>\t\t\t\t\t\t\t\t<\/div>\n\t\t\t\t<\/div>\n\t\t\t\t<div class=\"elementor-element elementor-element-e6f7729 elementor-widget elementor-widget-text-editor\" data-id=\"e6f7729\" data-element_type=\"widget\" data-widget_type=\"text-editor.default\">\n\t\t\t\t<div class=\"elementor-widget-container\">\n\t\t\t\t\t\t\t\t\t<p style=\"text-align: right;\"><strong>Dur\u00e9e:<\/strong> 1h<\/p>\t\t\t\t\t\t\t\t<\/div>\n\t\t\t\t<\/div>\n\t\t\t\t<div class=\"elementor-element elementor-element-bd35918 elementor-widget elementor-widget-text-editor\" data-id=\"bd35918\" data-element_type=\"widget\" data-widget_type=\"text-editor.default\">\n\t\t\t\t<div class=\"elementor-widget-container\">\n\t\t\t\t\t\t\t\t\t<h2 style=\"text-align: right;\">100.-\u00a0<\/h2>\t\t\t\t\t\t\t\t<\/div>\n\t\t\t\t<\/div>\n\t\t\t\t<\/div>\n\t\t\t\t<\/div>\n\t\t<div class=\"elementor-element elementor-element-db8cee0 e-con-full e-flex e-con e-parent\" data-id=\"db8cee0\" data-element_type=\"container\" data-settings=\"{&quot;background_background&quot;:&quot;classic&quot;}\">\n\t\t<div class=\"elementor-element elementor-element-8bed55d e-con-full e-flex e-con e-child\" data-id=\"8bed55d\" data-element_type=\"container\" data-settings=\"{&quot;background_background&quot;:&quot;classic&quot;}\">\n\t\t\t\t<\/div>\n\t\t<div class=\"elementor-element elementor-element-9f46939 e-con-full e-flex elementor-invisible e-con e-child\" data-id=\"9f46939\" data-element_type=\"container\" data-settings=\"{&quot;animation&quot;:&quot;fadeInLeft&quot;}\">\n\t\t\t\t<div class=\"elementor-element elementor-element-4fd212b elementor-widget elementor-widget-heading\" data-id=\"4fd212b\" data-element_type=\"widget\" data-widget_type=\"heading.default\">\n\t\t\t\t<div class=\"elementor-widget-container\">\n\t\t\t\t\t<h1 class=\"elementor-heading-title elementor-size-default\">Massages<\/h1>\t\t\t\t<\/div>\n\t\t\t\t<\/div>\n\t\t\t\t<div class=\"elementor-element elementor-element-0b72a9b elementor-widget elementor-widget-text-editor\" data-id=\"0b72a9b\" data-element_type=\"widget\" data-widget_type=\"text-editor.default\">\n\t\t\t\t<div class=\"elementor-widget-container\">\n\t\t\t\t\t\t\t\t\t<p style=\"text-align: left;\">S\u00e9ances adapt\u00e9es pour des personnes ayant des douleurs chroniques, inflammatoires ou \u00e0 la suite d\u2019un choc, \u00e9galement pour celles qui veulent un moment de d\u00e9tente, un instant pour prendre soin de soi. Ces soins sont \u00e0 base d\u2019huiles essentielles et d\u2019huiles v\u00e9g\u00e9tales. Id\u00e9ales pour \u00e9vacuer les tensions physiques ou\/et psychiques.<\/p><ul><li style=\"text-align: left;\"><strong>Massage th\u00e9rapeutique :<\/strong> n\u0153uds, courbatures, douleurs musculaires, tensions, sur tout le corps.<\/li><li style=\"text-align: left;\"><strong>Massage bien-\u00eatre :<\/strong> d\u00e9tente physique et psychique, plusieurs vari\u00e9t\u00e9s de soins \u00e0 choix. <\/li><\/ul><div>\u00a0<\/div>\t\t\t\t\t\t\t\t<\/div>\n\t\t\t\t<\/div>\n\t\t\t\t<div class=\"elementor-element elementor-element-26dd06c elementor-widget elementor-widget-text-editor\" data-id=\"26dd06c\" data-element_type=\"widget\" data-widget_type=\"text-editor.default\">\n\t\t\t\t<div class=\"elementor-widget-container\">\n\t\t\t\t\t\t\t\t\t<p style=\"text-align: right;\"><strong>Dur\u00e9e:<\/strong>\u00a0<span style=\"background-color: var( --e-global-color-primary );\">1h<\/span><\/p>\t\t\t\t\t\t\t\t<\/div>\n\t\t\t\t<\/div>\n\t\t\t\t<div class=\"elementor-element elementor-element-9419ad7 elementor-widget elementor-widget-text-editor\" data-id=\"9419ad7\" data-element_type=\"widget\" data-widget_type=\"text-editor.default\">\n\t\t\t\t<div class=\"elementor-widget-container\">\n\t\t\t\t\t\t\t\t\t<h2 style=\"text-align: right;\">120.-<\/h2>\t\t\t\t\t\t\t\t<\/div>\n\t\t\t\t<\/div>\n\t\t\t\t<\/div>\n\t\t\t\t<\/div>\n\t\t<div class=\"elementor-element elementor-element-a50c9cd e-con-full e-flex e-con e-parent\" data-id=\"a50c9cd\" data-element_type=\"container\" data-settings=\"{&quot;background_background&quot;:&quot;classic&quot;}\">\n\t\t<div class=\"elementor-element elementor-element-bac5117 e-con-full e-flex e-con e-child\" data-id=\"bac5117\" data-element_type=\"container\" data-settings=\"{&quot;background_background&quot;:&quot;classic&quot;}\">\n\t\t\t\t<\/div>\n\t\t<div class=\"elementor-element elementor-element-5122dc9 e-con-full e-flex elementor-invisible e-con e-child\" data-id=\"5122dc9\" data-element_type=\"container\" data-settings=\"{&quot;animation&quot;:&quot;fadeInRight&quot;}\">\n\t\t\t\t<div class=\"elementor-element elementor-element-0cb54dc elementor-widget elementor-widget-heading\" data-id=\"0cb54dc\" data-element_type=\"widget\" data-widget_type=\"heading.default\">\n\t\t\t\t<div class=\"elementor-widget-container\">\n\t\t\t\t\t<h1 class=\"elementor-heading-title elementor-size-default\">Chromaflorath\u00e9rapie<\/h1>\t\t\t\t<\/div>\n\t\t\t\t<\/div>\n\t\t\t\t<div class=\"elementor-element elementor-element-a3e65bf elementor-widget elementor-widget-text-editor\" data-id=\"a3e65bf\" data-element_type=\"widget\" data-widget_type=\"text-editor.default\">\n\t\t\t\t<div class=\"elementor-widget-container\">\n\t\t\t\t\t\t\t\t\t<p>Cette th\u00e9rapie est bas\u00e9e sur l\u2019utilisation des Fleurs de Bach en collaboration avec la lumi\u00e8re et les couleurs. Cette m\u00e9thode agit sur les trois dimensions\u00a0: physique, psychique et \u00e9motionnelle. Elle permet un accompagnement lors d\u2019angoisses, de traumatismes, d\u2019insomnies, d\u2019ecz\u00e9ma, d\u2019acn\u00e9, de douleurs articulaires, de d\u00e9pression, etc. En effet, les couleurs en lumi\u00e8re combin\u00e9es aux Fleurs de Bach poss\u00e8dent une fr\u00e9quence qui permettent de modifier le message cellulaire et \u00e9nerg\u00e9tique. \u00c0 la suite de la s\u00e9ance, un traitement aux Fleurs de Bach \u00e0 prendre \u00e0 la maison est propos\u00e9. Il est disponible sur place. <\/p><div>\u00a0<\/div>\t\t\t\t\t\t\t\t<\/div>\n\t\t\t\t<\/div>\n\t\t\t\t<div class=\"elementor-element elementor-element-7ea277a elementor-widget elementor-widget-text-editor\" data-id=\"7ea277a\" data-element_type=\"widget\" data-widget_type=\"text-editor.default\">\n\t\t\t\t<div class=\"elementor-widget-container\">\n\t\t\t\t\t\t\t\t\t<p style=\"text-align: right;\"><strong>Dur\u00e9e:<\/strong> 1h<\/p>\t\t\t\t\t\t\t\t<\/div>\n\t\t\t\t<\/div>\n\t\t\t\t<div class=\"elementor-element elementor-element-bcf8e6c elementor-widget elementor-widget-text-editor\" data-id=\"bcf8e6c\" data-element_type=\"widget\" data-widget_type=\"text-editor.default\">\n\t\t\t\t<div class=\"elementor-widget-container\">\n\t\t\t\t\t\t\t\t\t<h2 style=\"text-align: right;\">100.-\u00a0<\/h2>\t\t\t\t\t\t\t\t<\/div>\n\t\t\t\t<\/div>\n\t\t\t\t<\/div>\n\t\t\t\t<\/div>\n\t\t<div class=\"elementor-element elementor-element-3497d93 e-con-full e-flex e-con e-parent\" data-id=\"3497d93\" data-element_type=\"container\" data-settings=\"{&quot;background_background&quot;:&quot;classic&quot;}\">\n\t\t<div class=\"elementor-element elementor-element-58df2b6 e-con-full e-flex e-con e-child\" data-id=\"58df2b6\" data-element_type=\"container\" data-settings=\"{&quot;background_background&quot;:&quot;classic&quot;}\">\n\t\t\t\t<\/div>\n\t\t<div class=\"elementor-element elementor-element-8c3ba3c e-con-full e-flex elementor-invisible e-con e-child\" data-id=\"8c3ba3c\" data-element_type=\"container\" data-settings=\"{&quot;animation&quot;:&quot;fadeInLeft&quot;}\">\n\t\t\t\t<div class=\"elementor-element elementor-element-2304fbe elementor-widget elementor-widget-heading\" data-id=\"2304fbe\" data-element_type=\"widget\" data-widget_type=\"heading.default\">\n\t\t\t\t<div class=\"elementor-widget-container\">\n\t\t\t\t\t<h1 class=\"elementor-heading-title elementor-size-default\">Cours<\/h1>\t\t\t\t<\/div>\n\t\t\t\t<\/div>\n\t\t\t\t<div class=\"elementor-element elementor-element-9b0b006 elementor-widget elementor-widget-text-editor\" data-id=\"9b0b006\" data-element_type=\"widget\" data-widget_type=\"text-editor.default\">\n\t\t\t\t<div class=\"elementor-widget-container\">\n\t\t\t\t\t\t\t\t\t<p style=\"text-align: left;\">Pour les personnes qui pratiquent ou souhaitent pratiquer de l\u2019\u00e9nerg\u00e9tique ou de l\u2019\u00e9sot\u00e9risme, je propose des cours sur des sujets particuliers. Pour en savoir plus sur les th\u00e8mes et les conditions, n\u2019h\u00e9sitez pas \u00e0 me contacter par t\u00e9l\u00e9phone. <\/p>\t\t\t\t\t\t\t\t<\/div>\n\t\t\t\t<\/div>\n\t\t\t\t<div class=\"elementor-element elementor-element-dd0038c elementor-widget elementor-widget-text-editor\" data-id=\"dd0038c\" data-element_type=\"widget\" data-widget_type=\"text-editor.default\">\n\t\t\t\t<div class=\"elementor-widget-container\">\n\t\t\t\t\t\t\t\t\t<p style=\"text-align: right;\"><strong>Dur\u00e9e:<\/strong>\u00a0<span style=\"background-color: var( --e-global-color-primary );\">2h<\/span><\/p>\t\t\t\t\t\t\t\t<\/div>\n\t\t\t\t<\/div>\n\t\t\t\t<div class=\"elementor-element elementor-element-4bfc681 elementor-widget elementor-widget-text-editor\" data-id=\"4bfc681\" data-element_type=\"widget\" data-widget_type=\"text-editor.default\">\n\t\t\t\t<div class=\"elementor-widget-container\">\n\t\t\t\t\t\t\t\t\t<h2 style=\"text-align: right;\">200.-<\/h2>\t\t\t\t\t\t\t\t<\/div>\n\t\t\t\t<\/div>\n\t\t\t\t<\/div>\n\t\t\t\t<\/div>\n\t\t<div class=\"elementor-element elementor-element-1e63094 e-con-full e-flex e-con e-parent\" data-id=\"1e63094\" data-element_type=\"container\" data-settings=\"{&quot;background_background&quot;:&quot;classic&quot;}\">\n\t\t<div class=\"elementor-element elementor-element-3bd650f e-con-full e-flex e-con e-child\" data-id=\"3bd650f\" data-element_type=\"container\" data-settings=\"{&quot;background_background&quot;:&quot;classic&quot;}\">\n\t\t\t\t<\/div>\n\t\t<div class=\"elementor-element elementor-element-758a84a e-con-full e-flex elementor-invisible e-con e-child\" data-id=\"758a84a\" data-element_type=\"container\" data-settings=\"{&quot;animation&quot;:&quot;fadeInRight&quot;}\">\n\t\t\t\t<div class=\"elementor-element elementor-element-13afb4b elementor-widget elementor-widget-heading\" data-id=\"13afb4b\" data-element_type=\"widget\" data-widget_type=\"heading.default\">\n\t\t\t\t<div class=\"elementor-widget-container\">\n\t\t\t\t\t<h1 class=\"elementor-heading-title elementor-size-default\">Art-Th\u00e9rapie<\/h1>\t\t\t\t<\/div>\n\t\t\t\t<\/div>\n\t\t\t\t<div class=\"elementor-element elementor-element-1d5cbef elementor-widget elementor-widget-text-editor\" data-id=\"1d5cbef\" data-element_type=\"widget\" data-widget_type=\"text-editor.default\">\n\t\t\t\t<div class=\"elementor-widget-container\">\n\t\t\t\t\t\t\t\t\t<p>Les s\u00e9ances d\u2019art-th\u00e9rapie utilisent les arts comme moyen d\u2019expression. Elles s\u2019adressent \u00e0 des personnes souffrant de difficult\u00e9s \u00e0 s\u2019exprimer \u00e0 propos d\u2019angoisse, de peur, de trouble du comportement, de d\u00e9pendance, de troubles du sommeil, de d\u00e9pression. Le processus cr\u00e9atif est une m\u00e9thode douce qui permet de venir d\u00e9poser des \u00e9motions ou des \u00e9v\u00e9nements qui ne peuvent pas prendre de mots, de trouver des ressources, de se d\u00e9couvrir et de s\u2019accorder un moment de gu\u00e9rison. Il n\u2019est pas n\u00e9cessaire d\u2019avoir des pr\u00e9dispositions en art pour profiter d\u2019une s\u00e9ance d\u2019art-th\u00e9rapie. <\/p><div>\u00a0<\/div>\t\t\t\t\t\t\t\t<\/div>\n\t\t\t\t<\/div>\n\t\t\t\t<div class=\"elementor-element elementor-element-10806c3 elementor-widget elementor-widget-text-editor\" data-id=\"10806c3\" data-element_type=\"widget\" data-widget_type=\"text-editor.default\">\n\t\t\t\t<div class=\"elementor-widget-container\">\n\t\t\t\t\t\t\t\t\t<p style=\"text-align: right;\"><strong>Dur\u00e9e:<\/strong> 1h<\/p>\t\t\t\t\t\t\t\t<\/div>\n\t\t\t\t<\/div>\n\t\t\t\t<div class=\"elementor-element elementor-element-afda4d4 elementor-widget elementor-widget-text-editor\" data-id=\"afda4d4\" data-element_type=\"widget\" data-widget_type=\"text-editor.default\">\n\t\t\t\t<div class=\"elementor-widget-container\">\n\t\t\t\t\t\t\t\t\t<h2 style=\"text-align: right;\">100.-\u00a0<\/h2>\t\t\t\t\t\t\t\t<\/div>\n\t\t\t\t<\/div>\n\t\t\t\t<\/div>\n\t\t\t\t<\/div>\n\t\t<div class=\"elementor-element elementor-element-23606c1 e-con-full e-flex e-con e-parent\" data-id=\"23606c1\" data-element_type=\"container\" data-settings=\"{&quot;background_background&quot;:&quot;classic&quot;}\">\n\t\t<div class=\"elementor-element elementor-element-f31d404 e-con-full e-flex e-con e-child\" data-id=\"f31d404\" data-element_type=\"container\" data-settings=\"{&quot;background_background&quot;:&quot;classic&quot;}\">\n\t\t\t\t<\/div>\n\t\t<div class=\"elementor-element elementor-element-88e2a2b e-con-full e-flex elementor-invisible e-con e-child\" data-id=\"88e2a2b\" data-element_type=\"container\" data-settings=\"{&quot;animation&quot;:&quot;fadeInLeft&quot;}\">\n\t\t\t\t<div class=\"elementor-element elementor-element-4738671 elementor-widget elementor-widget-heading\" data-id=\"4738671\" data-element_type=\"widget\" data-widget_type=\"heading.default\">\n\t\t\t\t<div class=\"elementor-widget-container\">\n\t\t\t\t\t<h1 class=\"elementor-heading-title elementor-size-default\">Kin\u00e9siologie<\/h1>\t\t\t\t<\/div>\n\t\t\t\t<\/div>\n\t\t\t\t<div class=\"elementor-element elementor-element-ad40fe0 elementor-widget elementor-widget-text-editor\" data-id=\"ad40fe0\" data-element_type=\"widget\" data-widget_type=\"text-editor.default\">\n\t\t\t\t<div class=\"elementor-widget-container\">\n\t\t\t\t\t\t\t\t\t<p style=\"text-align: left;\">La Kin\u00e9siologie est une th\u00e9rapie compl\u00e9mentaire holistique qui consid\u00e8re la personne dans toutes ses dimensions (physique, mentale, \u00e9nerg\u00e9tique, \u00e9motionnelle). Elle permet d\u2019identifier les stress, les perturbations et les blocages qui emp\u00eachent une personne d\u2019atteindre ses objectifs et d\u2019utiliser son plein potentiel. La Kin\u00e9siologie est un soutien lors de\u00a0:<\/p><ul><li style=\"text-align: left;\">Stress ou gestion du stress<\/li><li style=\"text-align: left;\">Douleurs chroniques, migraines, probl\u00e8mes m\u00e9taboliques<\/li><li style=\"text-align: left;\">Fatigue, trouble du sommeil, manque d\u2019\u00e9nergie<\/li><li style=\"text-align: left;\">Peurs, anxi\u00e9t\u00e9<\/li><li style=\"text-align: left;\">Gestion \u00e9motionnelle, hyper\u00e9motivit\u00e9<\/li><li style=\"text-align: left;\">Traumatismes<\/li><li style=\"text-align: left;\">Objectifs<\/li><li style=\"text-align: left;\">Difficult\u00e9s d\u2019apprentissage ou de m\u00e9moire <\/li><\/ul><div>\u00a0<\/div>\t\t\t\t\t\t\t\t<\/div>\n\t\t\t\t<\/div>\n\t\t\t\t<div class=\"elementor-element elementor-element-317853b elementor-widget elementor-widget-text-editor\" data-id=\"317853b\" data-element_type=\"widget\" data-widget_type=\"text-editor.default\">\n\t\t\t\t<div class=\"elementor-widget-container\">\n\t\t\t\t\t\t\t\t\t<p style=\"text-align: right;\"><strong>Dur\u00e9e:<\/strong> 1h<\/p>\t\t\t\t\t\t\t\t<\/div>\n\t\t\t\t<\/div>\n\t\t\t\t<div class=\"elementor-element elementor-element-1c85a30 elementor-widget elementor-widget-text-editor\" data-id=\"1c85a30\" data-element_type=\"widget\" data-widget_type=\"text-editor.default\">\n\t\t\t\t<div class=\"elementor-widget-container\">\n\t\t\t\t\t\t\t\t\t<h2 style=\"text-align: right;\">100.-\u00a0<\/h2>\t\t\t\t\t\t\t\t<\/div>\n\t\t\t\t<\/div>\n\t\t\t\t<\/div>\n\t\t\t\t<\/div>\n\t\t\t\t<\/div>\n\t\t","protected":false},"excerpt":{"rendered":"<p>Tirages de cartes Il s\u2019agit d\u2019un tirage de cartes d\u2019Oracles ou de Tarots pour amener un sujet, des questions ou une situation. Les cartes orientent sur des pistes, des solutions, permettent de comprendre sur quel chemin vous \u00eates engag\u00e9 et quelles possibilit\u00e9s s\u2019offrent \u00e0 vous. Gr\u00e2ce \u00e0 mes sensibilit\u00e9s, je re\u00e7ois \u00e9galement des messages et&hellip; <a class=\"more-link\" href=\"https:\/\/cabinetamethyste.ch\/index.php\/services\/\">Continue reading <span class=\"screen-reader-text\">Services<\/span><\/a><\/p>\n","protected":false},"author":1,"featured_media":0,"parent":0,"menu_order":0,"comment_status":"closed","ping_status":"closed","template":"elementor_header_footer","meta":{"footnotes":""},"class_list":["post-20","page","type-page","status-publish","hentry","entry"],"_links":{"self":[{"href":"https:\/\/cabinetamethyste.ch\/index.php\/wp-json\/wp\/v2\/pages\/20","targetHints":{"allow":["GET"]}}],"collection":[{"href":"https:\/\/cabinetamethyste.ch\/index.php\/wp-json\/wp\/v2\/pages"}],"about":[{"href":"https:\/\/cabinetamethyste.ch\/index.php\/wp-json\/wp\/v2\/types\/page"}],"author":[{"embeddable":true,"href":"https:\/\/cabinetamethyste.ch\/index.php\/wp-json\/wp\/v2\/users\/1"}],"replies":[{"embeddable":true,"href":"https:\/\/cabinetamethyste.ch\/index.php\/wp-json\/wp\/v2\/comments?post=20"}],"version-history":[{"count":76,"href":"https:\/\/cabinetamethyste.ch\/index.php\/wp-json\/wp\/v2\/pages\/20\/revisions"}],"predecessor-version":[{"id":393,"href":"https:\/\/cabinetamethyste.ch\/index.php\/wp-json\/wp\/v2\/pages\/20\/revisions\/393"}],"wp:attachment":[{"href":"https:\/\/cabinetamethyste.ch\/index.php\/wp-json\/wp\/v2\/media?parent=20"}],"curies":[{"name":"wp","href":"https:\/\/api.w.org\/{rel}","templated":true}]}}